{"id":26,"date":"2024-02-24T17:41:36","date_gmt":"2024-02-24T16:41:36","guid":{"rendered":"https:\/\/lcconceptcoiffure.fr\/?page_id=26"},"modified":"2024-02-24T17:46:35","modified_gmt":"2024-02-24T16:46:35","slug":"classic","status":"publish","type":"page","link":"https:\/\/lcconceptcoiffure.fr\/?page_id=26","title":{"rendered":"CLASSIC"},"content":{"rendered":"\n<h1 class=\"wp-block-heading has-text-align-center has-xx-large-font-size\"><strong>CLASSIC<\/strong><\/h1>\n\n\n\n<p><\/p>\n\n\n\n<p class=\"has-text-align-center\">Le service originel de la coiffure \u00e0 domicile.<\/p>\n\n\n\n<p class=\"has-text-align-center\">La version CLASSIC vous offre le luxe d&#8217;avoir votre coiffeuse \u00e0 domicile pour r\u00e9aliser vos souhaits capillaires.<\/p>\n\n\n\n<p class=\"has-text-align-center\"><br><\/p>\n","protected":false},"excerpt":{"rendered":"<p>CLASSIC Le service originel de la coiffure \u00e0 domicile. La version CLASSIC vous offre le luxe d&#8217;avoir votre coiffeuse \u00e0 domicile pour r\u00e9aliser vos souhaits capillaires.<\/p>\n","protected":false},"author":1,"featured_media":0,"parent":0,"menu_order":0,"comment_status":"closed","ping_status":"closed","template":"no-title-space","meta":{"om_disable_all_campaigns":false,"_monsterinsights_skip_tracking":false,"_monsterinsights_sitenote_active":false,"_monsterinsights_sitenote_note":"","_monsterinsights_sitenote_category":0,"footnotes":""},"aioseo_notices":[],"_links":{"self":[{"href":"https:\/\/lcconceptcoiffure.fr\/index.php?rest_route=\/wp\/v2\/pages\/26"}],"collection":[{"href":"https:\/\/lcconceptcoiffure.fr\/index.php?rest_route=\/wp\/v2\/pages"}],"about":[{"href":"https:\/\/lcconceptcoiffure.fr\/index.php?rest_route=\/wp\/v2\/types\/page"}],"author":[{"embeddable":true,"href":"https:\/\/lcconceptcoiffure.fr\/index.php?rest_route=\/wp\/v2\/users\/1"}],"replies":[{"embeddable":true,"href":"https:\/\/lcconceptcoiffure.fr\/index.php?rest_route=%2Fwp%2Fv2%2Fcomments&post=26"}],"version-history":[{"count":3,"href":"https:\/\/lcconceptcoiffure.fr\/index.php?rest_route=\/wp\/v2\/pages\/26\/revisions"}],"predecessor-version":[{"id":124,"href":"https:\/\/lcconceptcoiffure.fr\/index.php?rest_route=\/wp\/v2\/pages\/26\/revisions\/124"}],"wp:attachment":[{"href":"https:\/\/lcconceptcoiffure.fr\/index.php?rest_route=%2Fwp%2Fv2%2Fmedia&parent=26"}],"curies":[{"name":"wp","href":"https:\/\/api.w.org\/{rel}","templated":true}]}}