{"id":72,"date":"2024-02-18T15:19:35","date_gmt":"2024-02-18T14:19:35","guid":{"rendered":"https:\/\/lcconceptcoiffure.fr\/?page_id=72"},"modified":"2025-03-06T20:23:42","modified_gmt":"2025-03-06T19:23:42","slug":"meeting","status":"publish","type":"page","link":"https:\/\/lcconceptcoiffure.fr\/?page_id=72","title":{"rendered":"MEETING"},"content":{"rendered":"\n<h2 class=\"wp-block-heading has-text-align-center has-xxx-large-font-size\">MEETING<\/h2>\n\n\n\n<p class=\"has-text-align-center has-background-color has-white-background-color has-text-color has-background has-link-color wp-elements-33b5a80d5ff5c2f50aa96aba551683cb\"><strong>Transformez votre domicile en salon de coiffure le temps d\u2019une journ\u00e9e<\/strong><\/p>\n\n\n\n<p class=\"has-text-align-center has-base-color has-text-color has-link-color has-inter-font-family has-medium-font-size wp-elements-2565b19d0bf4cca16d46281c7d7c0df1\">Un instant privil\u00e9gi\u00e9 pour vous et vos proches dans une ambiance simple et intimiste<\/p>\n\n\n\n<p><\/p>\n\n\n\n<figure class=\"wp-block-image size-large\"><img loading=\"lazy\" decoding=\"async\" width=\"1024\" height=\"688\" src=\"https:\/\/lcconceptcoiffure.fr\/wp-content\/uploads\/2024\/02\/PXL_20240213_091801320.PORTRAIT5-1024x688.jpg\" alt=\"\" class=\"wp-image-79\" srcset=\"https:\/\/lcconceptcoiffure.fr\/wp-content\/uploads\/2024\/02\/PXL_20240213_091801320.PORTRAIT5-1024x688.jpg 1024w, https:\/\/lcconceptcoiffure.fr\/wp-content\/uploads\/2024\/02\/PXL_20240213_091801320.PORTRAIT5-300x202.jpg 300w, https:\/\/lcconceptcoiffure.fr\/wp-content\/uploads\/2024\/02\/PXL_20240213_091801320.PORTRAIT5-768x516.jpg 768w, https:\/\/lcconceptcoiffure.fr\/wp-content\/uploads\/2024\/02\/PXL_20240213_091801320.PORTRAIT5-1536x1033.jpg 1536w, https:\/\/lcconceptcoiffure.fr\/wp-content\/uploads\/2024\/02\/PXL_20240213_091801320.PORTRAIT5-2048x1377.jpg 2048w, https:\/\/lcconceptcoiffure.fr\/wp-content\/uploads\/2024\/02\/PXL_20240213_091801320.PORTRAIT5-600x403.jpg 600w\" sizes=\"(max-width: 1024px) 100vw, 1024px\" \/><\/figure>\n\n\n\n<p class=\"has-text-align-center has-base-font-size\">Dans l&#8217;esprit d&#8217;une r\u00e9union beaut\u00e9 entre ami(e)s<br>histoire de boire un caf\u00e9 en se faisant coiffer<br>Ou encore se retrouver dans une ambiance cocooning<br>tout en profitant d&#8217;une expertise capillaire<br><\/p>\n\n\n\n<h2 class=\"wp-block-heading has-text-align-center has-background-color has-white-background-color has-text-color has-background has-link-color has-x-large-font-size wp-elements-1fc8ad01db981a8e1e99131a32ff6ac9\"><strong>Le MEETING<\/strong><\/h2>\n\n\n\n<h2 class=\"wp-block-heading has-text-align-center has-base-font-size\" style=\"text-transform:uppercase\"><br>Vous offre la possibilit\u00e9 de passer un moment hors du commun entour\u00e9 de vos proches<\/h2>\n\n\n\n<p class=\"has-text-align-center\"><\/p>\n\n\n\n<div class=\"wp-block-group is-nowrap is-layout-flex wp-container-core-group-layout-1 wp-block-group-is-layout-flex\"><\/div>\n\n\n\n<p class=\"has-text-align-center\"><\/p>\n\n\n\n<p><\/p>\n\n\n\n<p><\/p>\n\n\n\n<p class=\"has-text-align-center has-small-font-size\"><\/p>\n\n\n\n<p><\/p>\n\n\n\n<p class=\"has-text-align-center\"><br><\/p>\n\n\n\n<p class=\"has-text-align-center has-x-large-font-size\"><\/p>\n","protected":false},"excerpt":{"rendered":"<p>MEETING Transformez votre domicile en salon de coiffure le temps d\u2019une journ\u00e9e Un instant privil\u00e9gi\u00e9 pour vous et vos proches dans une ambiance simple et intimiste Dans l&#8217;esprit d&#8217;une r\u00e9union beaut\u00e9 entre ami(e)shistoire de boire un caf\u00e9 en se faisant coifferOu encore se retrouver dans une ambiance cocooningtout en profitant d&#8217;une expertise capillaire Le MEETING [&hellip;]<\/p>\n","protected":false},"author":1,"featured_media":0,"parent":0,"menu_order":0,"comment_status":"closed","ping_status":"closed","template":"no-title-space","meta":{"om_disable_all_campaigns":false,"_monsterinsights_skip_tracking":false,"_monsterinsights_sitenote_active":false,"_monsterinsights_sitenote_note":"","_monsterinsights_sitenote_category":0,"footnotes":""},"aioseo_notices":[],"_links":{"self":[{"href":"https:\/\/lcconceptcoiffure.fr\/index.php?rest_route=\/wp\/v2\/pages\/72"}],"collection":[{"href":"https:\/\/lcconceptcoiffure.fr\/index.php?rest_route=\/wp\/v2\/pages"}],"about":[{"href":"https:\/\/lcconceptcoiffure.fr\/index.php?rest_route=\/wp\/v2\/types\/page"}],"author":[{"embeddable":true,"href":"https:\/\/lcconceptcoiffure.fr\/index.php?rest_route=\/wp\/v2\/users\/1"}],"replies":[{"embeddable":true,"href":"https:\/\/lcconceptcoiffure.fr\/index.php?rest_route=%2Fwp%2Fv2%2Fcomments&post=72"}],"version-history":[{"count":11,"href":"https:\/\/lcconceptcoiffure.fr\/index.php?rest_route=\/wp\/v2\/pages\/72\/revisions"}],"predecessor-version":[{"id":136,"href":"https:\/\/lcconceptcoiffure.fr\/index.php?rest_route=\/wp\/v2\/pages\/72\/revisions\/136"}],"wp:attachment":[{"href":"https:\/\/lcconceptcoiffure.fr\/index.php?rest_route=%2Fwp%2Fv2%2Fmedia&parent=72"}],"curies":[{"name":"wp","href":"https:\/\/api.w.org\/{rel}","templated":true}]}}