{"id":83,"date":"2024-02-18T15:48:03","date_gmt":"2024-02-18T14:48:03","guid":{"rendered":"https:\/\/lcconceptcoiffure.fr\/?page_id=83"},"modified":"2025-03-06T20:20:35","modified_gmt":"2025-03-06T19:20:35","slug":"a-propos","status":"publish","type":"page","link":"https:\/\/lcconceptcoiffure.fr\/?page_id=83","title":{"rendered":"\u00c0 PROPOS"},"content":{"rendered":"\n<figure class=\"wp-block-image size-large\"><img loading=\"lazy\" decoding=\"async\" width=\"1024\" height=\"771\" src=\"http:\/\/lcconceptcoiffure.fr\/wp-content\/uploads\/2024\/02\/415739892_2298039813723190_4657575403724118828_n-1024x771.jpg\" alt=\"\" class=\"wp-image-101\" srcset=\"https:\/\/lcconceptcoiffure.fr\/wp-content\/uploads\/2024\/02\/415739892_2298039813723190_4657575403724118828_n-1024x771.jpg 1024w, https:\/\/lcconceptcoiffure.fr\/wp-content\/uploads\/2024\/02\/415739892_2298039813723190_4657575403724118828_n-300x226.jpg 300w, https:\/\/lcconceptcoiffure.fr\/wp-content\/uploads\/2024\/02\/415739892_2298039813723190_4657575403724118828_n-768x578.jpg 768w, https:\/\/lcconceptcoiffure.fr\/wp-content\/uploads\/2024\/02\/415739892_2298039813723190_4657575403724118828_n-1536x1157.jpg 1536w, https:\/\/lcconceptcoiffure.fr\/wp-content\/uploads\/2024\/02\/415739892_2298039813723190_4657575403724118828_n-600x452.jpg 600w, https:\/\/lcconceptcoiffure.fr\/wp-content\/uploads\/2024\/02\/415739892_2298039813723190_4657575403724118828_n.jpg 2040w\" sizes=\"(max-width: 1024px) 100vw, 1024px\" \/><\/figure>\n\n\n\n<figure class=\"wp-block-audio\"><audio controls src=\"http:\/\/lcconceptcoiffure.fr\/wp-content\/uploads\/2024\/02\/Chopin-Spring-Waltz-Mariage-dAmour-Please-Read-Description.mp3\"><\/audio><\/figure>\n\n\n<p>\u00a0 \u00a0Dipl\u00f4m\u00e9e du Certificat d&#8217;Aptitude Professionnelle en 2015, j&#8217;exerce pour une grande cha\u00eene de coiffure pendant 6 ans.\u00a0<\/p>\n<p>\u00a0 \u00a0En 2021, j&#8217;obtiens le Brevet Professionnel en suivant les cours \u00e0 distance tout en continuant \u00e0 travailler au sein du salon o\u00f9 je suis.<\/p>\n<p>\u00a0 En 2023 je m\u00fbris le projet de coiffure \u00e0 domicile qui me tiens \u00e0 c\u0153ur&#8230;\u00a0<\/p>\n<p>\u00a0 En 2024, je me lance !\u00a0<\/p>\n<p>Je suis Lucie, styliste capillaire, exer\u00e7ant \u00e0 votre domicile pour votre plus grand confort.<\/p>\n<p><strong>Mon objectif<\/strong> : Vous proposez des services ainsi que des produits de qualit\u00e9 exceptionnelle.<\/p>","protected":false},"excerpt":{"rendered":"<p>\u00a0 \u00a0Dipl\u00f4m\u00e9e du Certificat d&#8217;Aptitude Professionnelle en 2015, j&#8217;exerce pour une grande cha\u00eene de coiffure pendant 6 ans.\u00a0 \u00a0 \u00a0En 2021, j&#8217;obtiens le Brevet Professionnel en suivant les cours \u00e0 distance tout en continuant \u00e0 travailler au sein du salon o\u00f9 je suis. \u00a0 En 2023 je m\u00fbris le projet de coiffure \u00e0 domicile qui [&hellip;]<\/p>\n","protected":false},"author":1,"featured_media":0,"parent":0,"menu_order":0,"comment_status":"closed","ping_status":"closed","template":"","meta":{"om_disable_all_campaigns":false,"_monsterinsights_skip_tracking":false,"_monsterinsights_sitenote_active":false,"_monsterinsights_sitenote_note":"","_monsterinsights_sitenote_category":0,"footnotes":""},"aioseo_notices":[],"_links":{"self":[{"href":"https:\/\/lcconceptcoiffure.fr\/index.php?rest_route=\/wp\/v2\/pages\/83"}],"collection":[{"href":"https:\/\/lcconceptcoiffure.fr\/index.php?rest_route=\/wp\/v2\/pages"}],"about":[{"href":"https:\/\/lcconceptcoiffure.fr\/index.php?rest_route=\/wp\/v2\/types\/page"}],"author":[{"embeddable":true,"href":"https:\/\/lcconceptcoiffure.fr\/index.php?rest_route=\/wp\/v2\/users\/1"}],"replies":[{"embeddable":true,"href":"https:\/\/lcconceptcoiffure.fr\/index.php?rest_route=%2Fwp%2Fv2%2Fcomments&post=83"}],"version-history":[{"count":5,"href":"https:\/\/lcconceptcoiffure.fr\/index.php?rest_route=\/wp\/v2\/pages\/83\/revisions"}],"predecessor-version":[{"id":135,"href":"https:\/\/lcconceptcoiffure.fr\/index.php?rest_route=\/wp\/v2\/pages\/83\/revisions\/135"}],"wp:attachment":[{"href":"https:\/\/lcconceptcoiffure.fr\/index.php?rest_route=%2Fwp%2Fv2%2Fmedia&parent=83"}],"curies":[{"name":"wp","href":"https:\/\/api.w.org\/{rel}","templated":true}]}}